{"id":1243,"date":"2020-08-21T05:37:21","date_gmt":"2020-08-21T05:37:21","guid":{"rendered":"http:\/\/ninzio.com\/byron\/?page_id=1243"},"modified":"2023-07-29T03:44:05","modified_gmt":"2023-07-29T03:44:05","slug":"clientes","status":"publish","type":"page","link":"https:\/\/www.skipertech.com\/index.php\/clientes\/","title":{"rendered":"Clientes"},"content":{"rendered":"\t\t<div data-elementor-type=\"wp-page\" data-elementor-id=\"1243\" class=\"elementor elementor-1243\">\n\t\t\t\t\t\t\t\t\t<section class=\"elementor-section elementor-top-section elementor-element elementor-element-1e03193c elementor-section-boxed elementor-section-height-default elementor-section-height-default\" data-id=\"1e03193c\" data-element_type=\"section\">\n\t\t\t\t\t\t<div class=\"elementor-container elementor-column-gap-default\">\n\t\t\t\t\t<div class=\"elementor-column elementor-col-100 elementor-top-column elementor-element elementor-element-58e4039b\" data-id=\"58e4039b\" data-element_type=\"column\">\n\t\t\t<div class=\"elementor-widget-wrap elementor-element-populated\">\n\t\t\t\t\t\t\t\t<div class=\"elementor-element elementor-element-11475b1a elementor-widget elementor-widget-spacer\" data-id=\"11475b1a\" data-element_type=\"widget\" data-widget_type=\"spacer.default\">\n\t\t\t\t<div class=\"elementor-widget-container\">\n\t\t\t<style>\/*! elementor - v3.17.0 - 08-11-2023 *\/\n.elementor-column .elementor-spacer-inner{height:var(--spacer-size)}.e-con{--container-widget-width:100%}.e-con-inner>.elementor-widget-spacer,.e-con>.elementor-widget-spacer{width:var(--container-widget-width,var(--spacer-size));--align-self:var(--container-widget-align-self,initial);--flex-shrink:0}.e-con-inner>.elementor-widget-spacer>.elementor-widget-container,.e-con>.elementor-widget-spacer>.elementor-widget-container{height:100%;width:100%}.e-con-inner>.elementor-widget-spacer>.elementor-widget-container>.elementor-spacer,.e-con>.elementor-widget-spacer>.elementor-widget-container>.elementor-spacer{height:100%}.e-con-inner>.elementor-widget-spacer>.elementor-widget-container>.elementor-spacer>.elementor-spacer-inner,.e-con>.elementor-widget-spacer>.elementor-widget-container>.elementor-spacer>.elementor-spacer-inner{height:var(--container-widget-height,var(--spacer-size))}.e-con-inner>.elementor-widget-spacer.elementor-widget-empty,.e-con>.elementor-widget-spacer.elementor-widget-empty{position:relative;min-height:22px;min-width:22px}.e-con-inner>.elementor-widget-spacer.elementor-widget-empty .elementor-widget-empty-icon,.e-con>.elementor-widget-spacer.elementor-widget-empty .elementor-widget-empty-icon{position:absolute;top:0;bottom:0;left:0;right:0;margin:auto;padding:0;width:22px;height:22px}<\/style>\t\t<div class=\"elementor-spacer\">\n\t\t\t<div class=\"elementor-spacer-inner\"><\/div>\n\t\t<\/div>\n\t\t\t\t<\/div>\n\t\t\t\t<\/div>\n\t\t\t\t<div class=\"elementor-element elementor-element-5413c466 align-center elementor-widget elementor-widget-mae-headings\" data-id=\"5413c466\" data-element_type=\"widget\" data-widget_type=\"mae-headings.default\">\n\t\t\t\t<div class=\"elementor-widget-container\">\n\t\t\t\t\t<div class=\"master-heading\">\n\t        \t            <div class=\"pre-heading\">Descubre lo que nuestros clientes dicen sobre su experiencia trabajando con nosotros<\/div>\n\t        \n\t        \t        <h2 class=\"main-heading\">Creemos que la mejor publicidad es la de nuestros propios clientes.<\/h2>\n\t        \n\t        \n\t        \t    <\/div>\n\t    \t\t<\/div>\n\t\t\t\t<\/div>\n\t\t\t\t<div class=\"elementor-element elementor-element-7bedd elementor-widget elementor-widget-spacer\" data-id=\"7bedd\" data-element_type=\"widget\" data-widget_type=\"spacer.default\">\n\t\t\t\t<div class=\"elementor-widget-container\">\n\t\t\t\t\t<div class=\"elementor-spacer\">\n\t\t\t<div class=\"elementor-spacer-inner\"><\/div>\n\t\t<\/div>\n\t\t\t\t<\/div>\n\t\t\t\t<\/div>\n\t\t\t\t<div class=\"elementor-element elementor-element-4082cdf4 hover-effect-style-2 align-center avatar-absolute elementor-widget elementor-widget-mae-testimonial-carousel\" data-id=\"4082cdf4\" data-element_type=\"widget\" data-widget_type=\"mae-testimonial-carousel.default\">\n\t\t\t\t<div class=\"elementor-widget-container\">\n\t\t\t\n        <div class=\"master-carousel-box\" data-config='{\"column\":\"3\",\"gap\":\"30px\",\"arrowPosition\":null,\"arrowMiddleOffset\":null,\"arrowTopOffset\":null,\"dotOffset\":\"70px\",\"fullRight\":false,\"autoPlay\":true,\"prevNextButtons\":false,\"pageDots\":true}'>\n                            <div class=\"master-testimonial mlr-10745399 item-carousel elementor-repeater-item-a5b86b0\">\n                    <div class=\"avatar\"><img decoding=\"async\" alt=\"Avatar\" src=\"http:\/\/skipertech.com\/wp-content\/uploads\/2023\/03\/Skipertech-02-e1678802308177.jpg\" \/><\/div>                    <div class=\"content-wrap\">\n                        <div class=\"info-wrap\">\n                            <h3 class=\"name\">Giorgio Pagliuca<\/h3><div class=\"role\">Thrifty car rental (Ancasud) Director<\/div>                        <\/div>\n\n                        <div class=\"quotes\"><svg xmlns=\"http:\/\/www.w3.org\/2000\/svg\" xmlns:xlink=\"http:\/\/www.w3.org\/1999\/xlink\" x=\"0px\" y=\"0px\" viewBox=\"0 0 100 100\" style=\"enable-background:new 0 0 100 100;\" xml:space=\"preserve\"><style type=\"text\/css\">\t.st0{display:none;}<\/style><path d=\"M31.7,80.3c-0.2,0-0.5,0-0.7-0.1c-19-4.8-31-24.3-31-32.9v-5.6c0-11.9,10.6-21.9,23.1-21.9c12.5,0,23.5,10.2,23.5,21.9  c0,4.4,0,15.6-12,17.1v18.6c0,0.9-0.4,1.7-1.1,2.3C33,80,32.4,80.3,31.7,80.3z M23.1,25.5c-9.2,0-17.3,7.6-17.3,16.2v5.6  c0,5.7,8.9,20.7,23.1,26.2V56.1c0-1.6,1.3-2.9,2.9-2.9c7.7,0,9.1-3.9,9.1-11.5C40.8,33.2,32.4,25.5,23.1,25.5z M83.7,80.3  c-0.2,0-0.4,0-0.5-0.1C57.6,75.4,52,54.8,52,47.3v-5.6C52,30,63.1,19.8,75.8,19.8c11.4,0,24.2,9.4,24.2,21.9c0,9.9-4.8,16-13.4,17.1  v18.6c0,0.9-0.4,1.7-1,2.2C85,80,84.4,80.3,83.7,80.3z M75.8,25.5c-9.4,0-18,7.7-18,16.2v5.6c0,5.9,4.3,21.4,23.1,26.5V56.1  c0-1.6,1.3-2.9,2.9-2.9c2.6,0,10.5,0,10.5-11.5C94.2,32.6,84.3,25.5,75.8,25.5z\"><\/path><rect class=\"st0\" width=\"100\" height=\"100\"><\/rect><\/svg><\/div><div class=\"comment\"><p><span style=\"font-weight: 400;\">Skipertech colabora con nosotros desde hace 7 a\u00f1os, hemos trabajado con su plataforma de seguimiento satelital Hermes, para monitorear y gestionar las flotas de nuestros clientes corporativos. A su vez la versatilidad de la plataforma permite que nuestros clientes tambi\u00e9n puedan acceder al sistema y reportes e informes, como res\u00famenes diarios enviados por email autom\u00e1ticamente desde el sistema.<\/span><\/p><p><span style=\"font-weight: 400;\">Hemos encontrado un gran partner tecnol\u00f3gico en Skipertech.<\/span><\/p><\/div><div class=\"rating\"><img decoding=\"async\" alt=\"Rating\" src=\"https:\/\/ninzio.com\/byron\/wp-content\/uploads\/2020\/08\/star-rating.png\" \/><\/div>                    <\/div>\n                <\/div>\n                            <div class=\"master-testimonial mlr-1124041646 item-carousel elementor-repeater-item-a9e7c00\">\n                    <div class=\"avatar\"><img decoding=\"async\" alt=\"Avatar\" src=\"http:\/\/skipertech.com\/wp-content\/uploads\/2023\/03\/Skipertech-03-e1678802403681.jpg\" \/><\/div>                    <div class=\"content-wrap\">\n                        <div class=\"info-wrap\">\n                            <h3 class=\"name\">Pablo Carbajal<\/h3><div class=\"role\">Electrosistemas Director de obra<\/div>                        <\/div>\n\n                        <div class=\"quotes\"><svg xmlns=\"http:\/\/www.w3.org\/2000\/svg\" xmlns:xlink=\"http:\/\/www.w3.org\/1999\/xlink\" x=\"0px\" y=\"0px\" viewBox=\"0 0 100 100\" style=\"enable-background:new 0 0 100 100;\" xml:space=\"preserve\"><style type=\"text\/css\">\t.st0{display:none;}<\/style><path d=\"M31.7,80.3c-0.2,0-0.5,0-0.7-0.1c-19-4.8-31-24.3-31-32.9v-5.6c0-11.9,10.6-21.9,23.1-21.9c12.5,0,23.5,10.2,23.5,21.9  c0,4.4,0,15.6-12,17.1v18.6c0,0.9-0.4,1.7-1.1,2.3C33,80,32.4,80.3,31.7,80.3z M23.1,25.5c-9.2,0-17.3,7.6-17.3,16.2v5.6  c0,5.7,8.9,20.7,23.1,26.2V56.1c0-1.6,1.3-2.9,2.9-2.9c7.7,0,9.1-3.9,9.1-11.5C40.8,33.2,32.4,25.5,23.1,25.5z M83.7,80.3  c-0.2,0-0.4,0-0.5-0.1C57.6,75.4,52,54.8,52,47.3v-5.6C52,30,63.1,19.8,75.8,19.8c11.4,0,24.2,9.4,24.2,21.9c0,9.9-4.8,16-13.4,17.1  v18.6c0,0.9-0.4,1.7-1,2.2C85,80,84.4,80.3,83.7,80.3z M75.8,25.5c-9.4,0-18,7.7-18,16.2v5.6c0,5.9,4.3,21.4,23.1,26.5V56.1  c0-1.6,1.3-2.9,2.9-2.9c2.6,0,10.5,0,10.5-11.5C94.2,32.6,84.3,25.5,75.8,25.5z\"><\/path><rect class=\"st0\" width=\"100\" height=\"100\"><\/rect><\/svg><\/div><div class=\"comment\"><p><span style=\"font-weight: 400;\">Trabajamos desde hace 2 a\u00f1os en el m\u00f3dulo de Cuadrillas de Hermes. Nos ha ayudado a planificar y ordenar las \u00f3rdenes trabajo de nuestras cuadrillas mediante los flujos de trabajo que propone. A su vez el m\u00f3dulo Mobile nos permite registrar en obra, toda la informaci\u00f3n al detalle desde los AST (Elementos de protecci\u00f3n personal, elementos de protecci\u00f3n colectiva, fotos, firmas, etc.). Tambi\u00e9n nos env\u00eda correos con esta informaci\u00f3n detallada para saber que la cuadrilla puede trabajar de forma segura. Nos permite crear y enviar cuestionarios a empleados y clientes; tambi\u00e9n validar la opini\u00f3n de nuestros clientes mediante \u201creviews\u201d. Todo esto podemos verlo en tiempo real desde la plataforma.<\/span><\/p><\/div><div class=\"rating\"><img decoding=\"async\" alt=\"Rating\" src=\"https:\/\/ninzio.com\/byron\/wp-content\/uploads\/2020\/08\/star-rating.png\" \/><\/div>                    <\/div>\n                <\/div>\n                            <div class=\"master-testimonial mlr-1390825814 item-carousel elementor-repeater-item-32b47eb\">\n                    <div class=\"avatar\"><img decoding=\"async\" alt=\"Avatar\" src=\"http:\/\/skipertech.com\/wp-content\/uploads\/2023\/03\/Skipertech-03-e1678802403681.jpg\" \/><\/div>                    <div class=\"content-wrap\">\n                        <div class=\"info-wrap\">\n                            <h3 class=\"name\">Fernando Alvarez<\/h3><div class=\"role\">Electrosistemas Director Comercial y Operaciones<\/div>                        <\/div>\n\n                        <div class=\"quotes\"><svg xmlns=\"http:\/\/www.w3.org\/2000\/svg\" xmlns:xlink=\"http:\/\/www.w3.org\/1999\/xlink\" x=\"0px\" y=\"0px\" viewBox=\"0 0 100 100\" style=\"enable-background:new 0 0 100 100;\" xml:space=\"preserve\"><style type=\"text\/css\">\t.st0{display:none;}<\/style><path d=\"M31.7,80.3c-0.2,0-0.5,0-0.7-0.1c-19-4.8-31-24.3-31-32.9v-5.6c0-11.9,10.6-21.9,23.1-21.9c12.5,0,23.5,10.2,23.5,21.9  c0,4.4,0,15.6-12,17.1v18.6c0,0.9-0.4,1.7-1.1,2.3C33,80,32.4,80.3,31.7,80.3z M23.1,25.5c-9.2,0-17.3,7.6-17.3,16.2v5.6  c0,5.7,8.9,20.7,23.1,26.2V56.1c0-1.6,1.3-2.9,2.9-2.9c7.7,0,9.1-3.9,9.1-11.5C40.8,33.2,32.4,25.5,23.1,25.5z M83.7,80.3  c-0.2,0-0.4,0-0.5-0.1C57.6,75.4,52,54.8,52,47.3v-5.6C52,30,63.1,19.8,75.8,19.8c11.4,0,24.2,9.4,24.2,21.9c0,9.9-4.8,16-13.4,17.1  v18.6c0,0.9-0.4,1.7-1,2.2C85,80,84.4,80.3,83.7,80.3z M75.8,25.5c-9.4,0-18,7.7-18,16.2v5.6c0,5.9,4.3,21.4,23.1,26.5V56.1  c0-1.6,1.3-2.9,2.9-2.9c2.6,0,10.5,0,10.5-11.5C94.2,32.6,84.3,25.5,75.8,25.5z\"><\/path><rect class=\"st0\" width=\"100\" height=\"100\"><\/rect><\/svg><\/div><div class=\"comment\"><p><span style=\"font-weight: 400;\">Hemos conseguido en Skipertech un partner tecnol\u00f3gico que nos permite a trav\u00e9s de su Plataforma Hermes monitorear y gestionar nuestros recursos fuera de la empresa. Contamos con sus m\u00f3dulos de seguimiento satelital de flotas, tracking de herramientas y tracking de cuadrillas. Estos m\u00f3dulos nos han permitido mejorar en la gesti\u00f3n y control de nuestros recursos fuera de la empresa mediante sus m\u00f3dulos de software WEB\/Mobile aplicados al IOT.<\/span><\/p><\/div><div class=\"rating\"><img decoding=\"async\" alt=\"Rating\" src=\"https:\/\/ninzio.com\/byron\/wp-content\/uploads\/2020\/08\/star-rating.png\" \/><\/div>                    <\/div>\n                <\/div>\n                            <div class=\"master-testimonial mlr-1600186728 item-carousel elementor-repeater-item-bbbda3f\">\n                    <div class=\"avatar\"><img decoding=\"async\" alt=\"Avatar\" src=\"http:\/\/skipertech.com\/wp-content\/uploads\/2023\/03\/Skipertech-03-e1678802403681.jpg\" \/><\/div>                    <div class=\"content-wrap\">\n                        <div class=\"info-wrap\">\n                            <h3 class=\"name\">Alejandro Alvarez<\/h3><div class=\"role\">Electrosistemas, Gerente de log\u00edstica<\/div>                        <\/div>\n\n                        <div class=\"quotes\"><svg xmlns=\"http:\/\/www.w3.org\/2000\/svg\" xmlns:xlink=\"http:\/\/www.w3.org\/1999\/xlink\" x=\"0px\" y=\"0px\" viewBox=\"0 0 100 100\" style=\"enable-background:new 0 0 100 100;\" xml:space=\"preserve\"><style type=\"text\/css\">\t.st0{display:none;}<\/style><path d=\"M31.7,80.3c-0.2,0-0.5,0-0.7-0.1c-19-4.8-31-24.3-31-32.9v-5.6c0-11.9,10.6-21.9,23.1-21.9c12.5,0,23.5,10.2,23.5,21.9  c0,4.4,0,15.6-12,17.1v18.6c0,0.9-0.4,1.7-1.1,2.3C33,80,32.4,80.3,31.7,80.3z M23.1,25.5c-9.2,0-17.3,7.6-17.3,16.2v5.6  c0,5.7,8.9,20.7,23.1,26.2V56.1c0-1.6,1.3-2.9,2.9-2.9c7.7,0,9.1-3.9,9.1-11.5C40.8,33.2,32.4,25.5,23.1,25.5z M83.7,80.3  c-0.2,0-0.4,0-0.5-0.1C57.6,75.4,52,54.8,52,47.3v-5.6C52,30,63.1,19.8,75.8,19.8c11.4,0,24.2,9.4,24.2,21.9c0,9.9-4.8,16-13.4,17.1  v18.6c0,0.9-0.4,1.7-1,2.2C85,80,84.4,80.3,83.7,80.3z M75.8,25.5c-9.4,0-18,7.7-18,16.2v5.6c0,5.9,4.3,21.4,23.1,26.5V56.1  c0-1.6,1.3-2.9,2.9-2.9c2.6,0,10.5,0,10.5-11.5C94.2,32.6,84.3,25.5,75.8,25.5z\"><\/path><rect class=\"st0\" width=\"100\" height=\"100\"><\/rect><\/svg><\/div><div class=\"comment\"><p><span style=\"font-weight: 400;\">Hace 10 a\u00f1os trabajamos con el m\u00f3dulo de seguimiento satelital de flotas de Skieprtech, hace 3 a\u00f1os incorporamos el m\u00f3dulo de tracking de activos (herramientas), esto nos permiti\u00f3 poder controlar, gestionar y monitorear nuestros activos fuera de la empresa mediante herramientas de software WEB, Mobile y componentes IOT. Hemos logrado conocer con exactitud tanto lo que realiza nuestra flota como lo que hacen nuestros operarios con nuestras herramientas, ya sea para poder ubicarlas, como se utilizan, y conocer su ciclo de vida en la empresa.<\/span><\/p><\/div><div class=\"rating\"><img decoding=\"async\" alt=\"Rating\" src=\"https:\/\/ninzio.com\/byron\/wp-content\/uploads\/2020\/08\/star-rating.png\" \/><\/div>                    <\/div>\n                <\/div>\n                            <div class=\"master-testimonial mlr-560777318 item-carousel elementor-repeater-item-32430a7\">\n                    <div class=\"avatar\"><img decoding=\"async\" alt=\"Avatar\" src=\"http:\/\/skipertech.com\/wp-content\/uploads\/2023\/03\/Skipertech-04-e1678802468925.jpg\" \/><\/div>                    <div class=\"content-wrap\">\n                        <div class=\"info-wrap\">\n                            <h3 class=\"name\">Joaquin Salhon<\/h3><div class=\"role\">Previsi\u00f3n Director<\/div>                        <\/div>\n\n                        <div class=\"quotes\"><svg xmlns=\"http:\/\/www.w3.org\/2000\/svg\" xmlns:xlink=\"http:\/\/www.w3.org\/1999\/xlink\" x=\"0px\" y=\"0px\" viewBox=\"0 0 100 100\" style=\"enable-background:new 0 0 100 100;\" xml:space=\"preserve\"><style type=\"text\/css\">\t.st0{display:none;}<\/style><path d=\"M31.7,80.3c-0.2,0-0.5,0-0.7-0.1c-19-4.8-31-24.3-31-32.9v-5.6c0-11.9,10.6-21.9,23.1-21.9c12.5,0,23.5,10.2,23.5,21.9  c0,4.4,0,15.6-12,17.1v18.6c0,0.9-0.4,1.7-1.1,2.3C33,80,32.4,80.3,31.7,80.3z M23.1,25.5c-9.2,0-17.3,7.6-17.3,16.2v5.6  c0,5.7,8.9,20.7,23.1,26.2V56.1c0-1.6,1.3-2.9,2.9-2.9c7.7,0,9.1-3.9,9.1-11.5C40.8,33.2,32.4,25.5,23.1,25.5z M83.7,80.3  c-0.2,0-0.4,0-0.5-0.1C57.6,75.4,52,54.8,52,47.3v-5.6C52,30,63.1,19.8,75.8,19.8c11.4,0,24.2,9.4,24.2,21.9c0,9.9-4.8,16-13.4,17.1  v18.6c0,0.9-0.4,1.7-1,2.2C85,80,84.4,80.3,83.7,80.3z M75.8,25.5c-9.4,0-18,7.7-18,16.2v5.6c0,5.9,4.3,21.4,23.1,26.5V56.1  c0-1.6,1.3-2.9,2.9-2.9c2.6,0,10.5,0,10.5-11.5C94.2,32.6,84.3,25.5,75.8,25.5z\"><\/path><rect class=\"st0\" width=\"100\" height=\"100\"><\/rect><\/svg><\/div><div class=\"comment\"><p><span style=\"font-weight: 400;\">Skipertech nos ha dado la posibilidad de gestionar y monitorear nuestras flotas adheridas a Previsi\u00f3n, individualizando cada una de las empresas que integra el grupo y tambi\u00e9n los usuarios asociados a cada de ellas. A su vez podemos definir diferentes perfiles de acceso al monitoreo y controlar todo el proceso log\u00edstico. Esto nos ha sido de gran utilidad ya que en una \u00fanica plataforma tenemos todo integrado.<\/span><\/p><\/div><div class=\"rating\"><img decoding=\"async\" alt=\"Rating\" src=\"https:\/\/ninzio.com\/byron\/wp-content\/uploads\/2020\/08\/star-rating.png\" \/><\/div>                    <\/div>\n                <\/div>\n                    <\/div>\n\n        \t\t<\/div>\n\t\t\t\t<\/div>\n\t\t\t\t<div class=\"elementor-element elementor-element-a8756e9 elementor-widget elementor-widget-spacer\" data-id=\"a8756e9\" data-element_type=\"widget\" data-widget_type=\"spacer.default\">\n\t\t\t\t<div class=\"elementor-widget-container\">\n\t\t\t\t\t<div class=\"elementor-spacer\">\n\t\t\t<div class=\"elementor-spacer-inner\"><\/div>\n\t\t<\/div>\n\t\t\t\t<\/div>\n\t\t\t\t<\/div>\n\t\t\t\t\t<\/div>\n\t\t<\/div>\n\t\t\t\t\t\t\t<\/div>\n\t\t<\/section>\n\t\t\t\t<section class=\"elementor-section elementor-top-section elementor-element elementor-element-ccb3549 elementor-section-stretched elementor-section-full_width elementor-section-height-default elementor-section-height-default\" data-id=\"ccb3549\" data-element_type=\"section\" data-settings=\"{&quot;stretch_section&quot;:&quot;section-stretched&quot;,&quot;background_background&quot;:&quot;classic&quot;}\">\n\t\t\t\t\t\t<div class=\"elementor-container elementor-column-gap-default\">\n\t\t\t\t\t<div class=\"elementor-column elementor-col-100 elementor-top-column elementor-element elementor-element-f1c0163\" data-id=\"f1c0163\" data-element_type=\"column\">\n\t\t\t<div class=\"elementor-widget-wrap elementor-element-populated\">\n\t\t\t\t\t\t\t\t<div class=\"elementor-element elementor-element-5f12463 align-center elementor-widget elementor-widget-mae-headings\" data-id=\"5f12463\" data-element_type=\"widget\" data-widget_type=\"mae-headings.default\">\n\t\t\t\t<div class=\"elementor-widget-container\">\n\t\t\t\t\t<div class=\"master-heading\">\n\t        \t            <div class=\"pre-heading\">CLIENTES<\/div>\n\t        \n\t        \t        <h2 class=\"main-heading\">Algunos de los clientes que confiaron <br\/> en nuestras soluciones. <\/h2>\n\t        \n\t        \n\t        \t    <\/div>\n\t    \t\t<\/div>\n\t\t\t\t<\/div>\n\t\t\t\t<div class=\"elementor-element elementor-element-cc376fe elementor-widget elementor-widget-spacer\" data-id=\"cc376fe\" data-element_type=\"widget\" data-widget_type=\"spacer.default\">\n\t\t\t\t<div class=\"elementor-widget-container\">\n\t\t\t\t\t<div class=\"elementor-spacer\">\n\t\t\t<div class=\"elementor-spacer-inner\"><\/div>\n\t\t<\/div>\n\t\t\t\t<\/div>\n\t\t\t\t<\/div>\n\t\t\t\t<div class=\"elementor-element elementor-element-2de8bed elementor-widget elementor-widget-image\" data-id=\"2de8bed\" data-element_type=\"widget\" data-widget_type=\"image.default\">\n\t\t\t\t<div class=\"elementor-widget-container\">\n\t\t\t<style>\/*! elementor - v3.17.0 - 08-11-2023 *\/\n.elementor-widget-image{text-align:center}.elementor-widget-image a{display:inline-block}.elementor-widget-image a img[src$=\".svg\"]{width:48px}.elementor-widget-image img{vertical-align:middle;display:inline-block}<\/style>\t\t\t\t\t\t\t\t\t\t\t\t<img loading=\"lazy\" decoding=\"async\" width=\"1024\" height=\"470\" src=\"https:\/\/www.skipertech.com\/wp-content\/uploads\/2023\/07\/Logos-Clientes-1-1024x470.png\" class=\"attachment-large size-large wp-image-2986\" alt=\"\" srcset=\"https:\/\/www.skipertech.com\/wp-content\/uploads\/2023\/07\/Logos-Clientes-1-1024x470.png 1024w, https:\/\/www.skipertech.com\/wp-content\/uploads\/2023\/07\/Logos-Clientes-1-300x138.png 300w, https:\/\/www.skipertech.com\/wp-content\/uploads\/2023\/07\/Logos-Clientes-1-768x352.png 768w, https:\/\/www.skipertech.com\/wp-content\/uploads\/2023\/07\/Logos-Clientes-1-535x245.png 535w, https:\/\/www.skipertech.com\/wp-content\/uploads\/2023\/07\/Logos-Clientes-1.png 1350w\" sizes=\"auto, (max-width: 1024px) 100vw, 1024px\" \/>\t\t\t\t\t\t\t\t\t\t\t\t\t\t\t<\/div>\n\t\t\t\t<\/div>\n\t\t\t\t<div class=\"elementor-element elementor-element-56055c7 elementor-widget elementor-widget-spacer\" data-id=\"56055c7\" data-element_type=\"widget\" data-widget_type=\"spacer.default\">\n\t\t\t\t<div class=\"elementor-widget-container\">\n\t\t\t\t\t<div class=\"elementor-spacer\">\n\t\t\t<div class=\"elementor-spacer-inner\"><\/div>\n\t\t<\/div>\n\t\t\t\t<\/div>\n\t\t\t\t<\/div>\n\t\t\t\t\t<\/div>\n\t\t<\/div>\n\t\t\t\t\t\t\t<\/div>\n\t\t<\/section>\n\t\t\t\t\t\t\t<\/div>\n\t\t","protected":false},"excerpt":{"rendered":"<p>Descubre lo que nuestros clientes dicen sobre su experiencia trabajando con nosotros Creemos que la mejor publicidad es la de nuestros propios clientes. Giorgio Pagliuca Thrifty car rental (Ancasud) Director Skipertech colabora con nosotros desde hace 7 a\u00f1os, hemos trabajado con su plataforma de seguimiento satelital Hermes,<\/p>\n","protected":false},"author":1,"featured_media":0,"parent":0,"menu_order":0,"comment_status":"closed","ping_status":"closed","template":"","meta":{"_mi_skip_tracking":false,"footnotes":""},"class_list":["post-1243","page","type-page","status-publish","hentry"],"aioseo_notices":[],"_links":{"self":[{"href":"https:\/\/www.skipertech.com\/index.php\/wp-json\/wp\/v2\/pages\/1243","targetHints":{"allow":["GET"]}}],"collection":[{"href":"https:\/\/www.skipertech.com\/index.php\/wp-json\/wp\/v2\/pages"}],"about":[{"href":"https:\/\/www.skipertech.com\/index.php\/wp-json\/wp\/v2\/types\/page"}],"author":[{"embeddable":true,"href":"https:\/\/www.skipertech.com\/index.php\/wp-json\/wp\/v2\/users\/1"}],"replies":[{"embeddable":true,"href":"https:\/\/www.skipertech.com\/index.php\/wp-json\/wp\/v2\/comments?post=1243"}],"version-history":[{"count":19,"href":"https:\/\/www.skipertech.com\/index.php\/wp-json\/wp\/v2\/pages\/1243\/revisions"}],"predecessor-version":[{"id":2992,"href":"https:\/\/www.skipertech.com\/index.php\/wp-json\/wp\/v2\/pages\/1243\/revisions\/2992"}],"wp:attachment":[{"href":"https:\/\/www.skipertech.com\/index.php\/wp-json\/wp\/v2\/media?parent=1243"}],"curies":[{"name":"wp","href":"https:\/\/api.w.org\/{rel}","templated":true}]}}