{"id":1255,"date":"2020-08-21T05:53:02","date_gmt":"2020-08-21T05:53:02","guid":{"rendered":"http:\/\/ninzio.com\/byron\/?page_id=1255"},"modified":"2023-04-25T14:33:49","modified_gmt":"2023-04-25T14:33:49","slug":"hermes","status":"publish","type":"page","link":"https:\/\/www.skipertech.com\/index.php\/hermes\/","title":{"rendered":"Hermes"},"content":{"rendered":"\t\t<div data-elementor-type=\"wp-page\" data-elementor-id=\"1255\" class=\"elementor elementor-1255\">\n\t\t\t\t\t\t\t\t\t<section class=\"elementor-section elementor-top-section elementor-element elementor-element-d918284 elementor-section-boxed elementor-section-height-default elementor-section-height-default\" data-id=\"d918284\" data-element_type=\"section\">\n\t\t\t\t\t\t<div class=\"elementor-container elementor-column-gap-default\">\n\t\t\t\t\t<div class=\"elementor-column elementor-col-100 elementor-top-column elementor-element elementor-element-a335a5a\" data-id=\"a335a5a\" data-element_type=\"column\">\n\t\t\t<div class=\"elementor-widget-wrap elementor-element-populated\">\n\t\t\t\t\t\t\t\t<div class=\"elementor-element elementor-element-34d4549 elementor-widget elementor-widget-spacer\" data-id=\"34d4549\" data-element_type=\"widget\" data-widget_type=\"spacer.default\">\n\t\t\t\t<div class=\"elementor-widget-container\">\n\t\t\t<style>\/*! elementor - v3.17.0 - 08-11-2023 *\/\n.elementor-column .elementor-spacer-inner{height:var(--spacer-size)}.e-con{--container-widget-width:100%}.e-con-inner>.elementor-widget-spacer,.e-con>.elementor-widget-spacer{width:var(--container-widget-width,var(--spacer-size));--align-self:var(--container-widget-align-self,initial);--flex-shrink:0}.e-con-inner>.elementor-widget-spacer>.elementor-widget-container,.e-con>.elementor-widget-spacer>.elementor-widget-container{height:100%;width:100%}.e-con-inner>.elementor-widget-spacer>.elementor-widget-container>.elementor-spacer,.e-con>.elementor-widget-spacer>.elementor-widget-container>.elementor-spacer{height:100%}.e-con-inner>.elementor-widget-spacer>.elementor-widget-container>.elementor-spacer>.elementor-spacer-inner,.e-con>.elementor-widget-spacer>.elementor-widget-container>.elementor-spacer>.elementor-spacer-inner{height:var(--container-widget-height,var(--spacer-size))}.e-con-inner>.elementor-widget-spacer.elementor-widget-empty,.e-con>.elementor-widget-spacer.elementor-widget-empty{position:relative;min-height:22px;min-width:22px}.e-con-inner>.elementor-widget-spacer.elementor-widget-empty .elementor-widget-empty-icon,.e-con>.elementor-widget-spacer.elementor-widget-empty .elementor-widget-empty-icon{position:absolute;top:0;bottom:0;left:0;right:0;margin:auto;padding:0;width:22px;height:22px}<\/style>\t\t<div class=\"elementor-spacer\">\n\t\t\t<div class=\"elementor-spacer-inner\"><\/div>\n\t\t<\/div>\n\t\t\t\t<\/div>\n\t\t\t\t<\/div>\n\t\t\t\t<div class=\"elementor-element elementor-element-2957677 align-center elementor-widget elementor-widget-mae-headings\" data-id=\"2957677\" data-element_type=\"widget\" data-widget_type=\"mae-headings.default\">\n\t\t\t\t<div class=\"elementor-widget-container\">\n\t\t\t\t\t<div class=\"master-heading\">\n\t        \n\t        \t        <h2 class=\"main-heading\">\u00bfQU\u00c9 ES HERMES?<\/h2>\n\t        \n\t        \t        <div class=\"divider\"><\/div>\n\t        \n\t        \t            <div class=\"sub-heading\">Hermes es una plataforma de tecnolog\u00eda 4.0 basada en IOT, con m\u00f3dulos Web y Mobile, capaz de gestionar, monitorear, controlar y georreferenciar cualquier activo o negocio de forma remota. Permitiendo crear ecosistemas en los que los dispositivos IOT, las soluciones Mobile, los usuarios puedan interactuar en la plataforma independientemente cual sea la problem\u00e1tica que se est\u00e9 resolviendo.<\/div>\n\t        \t    <\/div>\n\t    \t\t<\/div>\n\t\t\t\t<\/div>\n\t\t\t\t<div class=\"elementor-element elementor-element-6e9b22e elementor-widget elementor-widget-spacer\" data-id=\"6e9b22e\" data-element_type=\"widget\" data-widget_type=\"spacer.default\">\n\t\t\t\t<div class=\"elementor-widget-container\">\n\t\t\t\t\t<div class=\"elementor-spacer\">\n\t\t\t<div class=\"elementor-spacer-inner\"><\/div>\n\t\t<\/div>\n\t\t\t\t<\/div>\n\t\t\t\t<\/div>\n\t\t\t\t<section class=\"elementor-section elementor-inner-section elementor-element elementor-element-bdf019f elementor-section-content-middle elementor-section-boxed elementor-section-height-default elementor-section-height-default\" data-id=\"bdf019f\" data-element_type=\"section\">\n\t\t\t\t\t\t<div class=\"elementor-container elementor-column-gap-extended\">\n\t\t\t\t\t<div class=\"elementor-column elementor-col-50 elementor-inner-column elementor-element elementor-element-343893c\" data-id=\"343893c\" data-element_type=\"column\">\n\t\t\t<div class=\"elementor-widget-wrap elementor-element-populated\">\n\t\t\t\t\t\t\t\t<div class=\"elementor-element elementor-element-c07ad69 align-left elementor-widget elementor-widget-mae-headings\" data-id=\"c07ad69\" data-element_type=\"widget\" data-widget_type=\"mae-headings.default\">\n\t\t\t\t<div class=\"elementor-widget-container\">\n\t\t\t\t\t<div class=\"master-heading\">\n\t        \n\t        \t        <h2 class=\"main-heading\">M\u00f3dulos y funcionalidades<\/h2>\n\t        \n\t        \t        <div class=\"divider\"><\/div>\n\t        \n\t        \t            <div class=\"sub-heading\">La plataforma permite construir m\u00f3dulos o funcionalidades particulares que cada industria o negocio requiere por tener caracter\u00edsticas distintas. De esta forma analizamos cada negocio y sus particularidades y ofrecemos una soluci\u00f3n adecuada.<\/div>\n\t        \t    <\/div>\n\t    \t\t<\/div>\n\t\t\t\t<\/div>\n\t\t\t\t<div class=\"elementor-element elementor-element-f205172 elementor-widget elementor-widget-mae-list\" data-id=\"f205172\" data-element_type=\"widget\" data-widget_type=\"mae-list.default\">\n\t\t\t\t<div class=\"elementor-widget-container\">\n\t\t\t\n\t\t<div class=\"master-list align-left\">\n\t\t\t<div class=\"inner\">\n\t\t        <div class=\"icon-wrap\">\n\t\t\t        \t\t\t        \t<i class=\"fas fa-server\"><\/i>\n\t\t\t        \t\t\t\t    \t\t        <\/div> \n\n\t\t        <div class=\"content-wrap\">\n\t\t            M\u00f3dulo Flota\t\t        <\/div>\n\t\t    <\/div>\n\t    <\/div>\n\n\t    \t\t<\/div>\n\t\t\t\t<\/div>\n\t\t\t\t<div class=\"elementor-element elementor-element-2854daf elementor-widget elementor-widget-mae-list\" data-id=\"2854daf\" data-element_type=\"widget\" data-widget_type=\"mae-list.default\">\n\t\t\t\t<div class=\"elementor-widget-container\">\n\t\t\t\n\t\t<div class=\"master-list align-left\">\n\t\t\t<div class=\"inner\">\n\t\t        <div class=\"icon-wrap\">\n\t\t\t        \t\t\t        \t<i class=\"fas fa-server\"><\/i>\n\t\t\t        \t\t\t\t    \t\t        <\/div> \n\n\t\t        <div class=\"content-wrap\">\n\t\t            M\u00f3dulo Cuadrillas\t\t        <\/div>\n\t\t    <\/div>\n\t    <\/div>\n\n\t    \t\t<\/div>\n\t\t\t\t<\/div>\n\t\t\t\t<div class=\"elementor-element elementor-element-556aea9 elementor-widget elementor-widget-mae-list\" data-id=\"556aea9\" data-element_type=\"widget\" data-widget_type=\"mae-list.default\">\n\t\t\t\t<div class=\"elementor-widget-container\">\n\t\t\t\n\t\t<div class=\"master-list align-left\">\n\t\t\t<div class=\"inner\">\n\t\t        <div class=\"icon-wrap\">\n\t\t\t        \t\t\t        \t<i class=\"fas fa-server\"><\/i>\n\t\t\t        \t\t\t\t    \t\t        <\/div> \n\n\t\t        <div class=\"content-wrap\">\n\t\t            M\u00f3dulo Herramientas\t\t        <\/div>\n\t\t    <\/div>\n\t    <\/div>\n\n\t    \t\t<\/div>\n\t\t\t\t<\/div>\n\t\t\t\t<div class=\"elementor-element elementor-element-581400d elementor-widget elementor-widget-mae-list\" data-id=\"581400d\" data-element_type=\"widget\" data-widget_type=\"mae-list.default\">\n\t\t\t\t<div class=\"elementor-widget-container\">\n\t\t\t\n\t\t<div class=\"master-list align-left\">\n\t\t\t<div class=\"inner\">\n\t\t        <div class=\"icon-wrap\">\n\t\t\t        \t\t\t        \t<i class=\"fas fa-server\"><\/i>\n\t\t\t        \t\t\t\t    \t\t        <\/div> \n\n\t\t        <div class=\"content-wrap\">\n\t\t            M\u00f3dulo ECO\t\t        <\/div>\n\t\t    <\/div>\n\t    <\/div>\n\n\t    \t\t<\/div>\n\t\t\t\t<\/div>\n\t\t\t\t\t<\/div>\n\t\t<\/div>\n\t\t\t\t<div class=\"elementor-column elementor-col-50 elementor-inner-column elementor-element elementor-element-4ae5e15\" data-id=\"4ae5e15\" data-element_type=\"column\">\n\t\t\t<div class=\"elementor-widget-wrap elementor-element-populated\">\n\t\t\t\t\t\t\t\t<div class=\"elementor-element elementor-element-016e1ed hover-effect-none elementor-widget elementor-widget-mae-service-carousel\" data-id=\"016e1ed\" data-element_type=\"widget\" data-widget_type=\"mae-service-carousel.default\">\n\t\t\t\t<div class=\"elementor-widget-container\">\n\t\t\t\n        <div class=\"master-carousel-box mlr-1586949315\" data-config='{\"column\":\"2\",\"gap\":\"30px\",\"arrowPosition\":null,\"arrowMiddleOffset\":null,\"arrowTopOffset\":null,\"dotOffset\":\"30px\",\"fullRight\":true,\"autoPlay\":true,\"prevNextButtons\":false,\"pageDots\":true}'>\n                            <div class=\"master-service  item-carousel sep-before\">\n                    <div class=\"thumb\">\n                        <img decoding=\"async\" src=\"http:\/\/skipertech.com\/wp-content\/uploads\/2023\/03\/ModulosHermes-06.jpg\" alt=\"Image\" \/>\n                    <\/div>\n\n                    <div class=\"content-wrap\">\n                        <h3 class=\"headline-2\">M\u00f3dulo Flota<\/h3><div class=\"sep\"><\/div><div class=\"desc\"><p><span style=\"font-weight: 400;\">M\u00f3dulo de seguimiento satelital de flotas en tiempo real basado en IOT, actualizado a las \u00faltimas tendencias tecnol\u00f3gicas capaz de adaptarse a diferentes particularidades de diferentes negocios.<\/span><\/p><\/div>            <div class=\"url-wrap\">\n                <a class=\"master-button small btn-accent icon-right\" href=\"https:\/\/skipertech.com\/index.php\/hermes\/flota\/\" >\n                                        <span>Leer m\u00e1s<\/span>\n                    <span class=\"icon fa fa-arrow-right\"><\/span>                <\/a>\n            <\/div>\n\n                                <\/div>\n                <\/div>\n                            <div class=\"master-service  item-carousel sep-before\">\n                    <div class=\"thumb\">\n                        <img decoding=\"async\" src=\"http:\/\/skipertech.com\/wp-content\/uploads\/2023\/03\/ModulosHermes-07.jpg\" alt=\"Image\" \/>\n                    <\/div>\n\n                    <div class=\"content-wrap\">\n                        <h3 class=\"headline-2\">M\u00f3dulo Cuadrillas<\/h3><div class=\"sep\"><\/div><div class=\"desc\"><p><span style=\"font-weight: 400;\">M\u00f3dulos que permiten gestionar el ciclo de las obras dentro de una empresa de construcci\u00f3n<\/span><\/p><\/div>            <div class=\"url-wrap\">\n                <a class=\"master-button small btn-accent icon-right\" href=\"https:\/\/skipertech.com\/index.php\/hermes\/cuadrillas\/\" >\n                                        <span>Leer m\u00e1s<\/span>\n                    <span class=\"icon fa fa-arrow-right\"><\/span>                <\/a>\n            <\/div>\n\n                                <\/div>\n                <\/div>\n                            <div class=\"master-service  item-carousel sep-before\">\n                    <div class=\"thumb\">\n                        <img decoding=\"async\" src=\"http:\/\/skipertech.com\/wp-content\/uploads\/2023\/03\/ModulosHermes-08.jpg\" alt=\"Image\" \/>\n                    <\/div>\n\n                    <div class=\"content-wrap\">\n                        <h3 class=\"headline-2\">M\u00f3dulo Herramientas<\/h3><div class=\"sep\"><\/div><div class=\"desc\"><p><span style=\"font-weight: 400;\">M\u00f3dulo para trazabilidad de herramientas, con rastreo satelital a trav\u00e9s de dispositivos GPS y aplicaci\u00f3n WEB\/M\u00f3vil para registrar cada transferencia en RT.<\/span><\/p><\/div>            <div class=\"url-wrap\">\n                <a class=\"master-button small btn-accent icon-right\" href=\"https:\/\/skipertech.com\/index.php\/hermes\/herramientas\/\" >\n                                        <span>Leer m\u00e1s<\/span>\n                    <span class=\"icon fa fa-arrow-right\"><\/span>                <\/a>\n            <\/div>\n\n                                <\/div>\n                <\/div>\n                            <div class=\"master-service  item-carousel sep-before\">\n                    <div class=\"thumb\">\n                        <img decoding=\"async\" src=\"http:\/\/skipertech.com\/wp-content\/uploads\/2023\/03\/ModulosHermes-09.jpg\" alt=\"Image\" \/>\n                    <\/div>\n\n                    <div class=\"content-wrap\">\n                        <h3 class=\"headline-2\">M\u00f3dulo Eco<\/h3><div class=\"sep\"><\/div><div class=\"desc\"><p>M\u00f3dulo de optimizaci\u00f3n log\u00edstica para recolecci\u00f3n de residuos basada en ecosistema IOT 4.0, basado en la plataforma de seguimiento satelital.<\/p><\/div>            <div class=\"url-wrap\">\n                <a class=\"master-button small btn-accent icon-right\" href=\"https:\/\/skipertech.com\/index.php\/hermes\/modulo-eco\/\" >\n                                        <span>Leer m\u00e1s<\/span>\n                    <span class=\"icon fa fa-arrow-right\"><\/span>                <\/a>\n            <\/div>\n\n                                <\/div>\n                <\/div>\n                    <\/div>\n\n        \t\t<\/div>\n\t\t\t\t<\/div>\n\t\t\t\t\t<\/div>\n\t\t<\/div>\n\t\t\t\t\t\t\t<\/div>\n\t\t<\/section>\n\t\t\t\t<div class=\"elementor-element elementor-element-50c2088 elementor-widget elementor-widget-spacer\" data-id=\"50c2088\" data-element_type=\"widget\" data-widget_type=\"spacer.default\">\n\t\t\t\t<div class=\"elementor-widget-container\">\n\t\t\t\t\t<div class=\"elementor-spacer\">\n\t\t\t<div class=\"elementor-spacer-inner\"><\/div>\n\t\t<\/div>\n\t\t\t\t<\/div>\n\t\t\t\t<\/div>\n\t\t\t\t<section class=\"elementor-section elementor-inner-section elementor-element elementor-element-98f69e5 elementor-section-boxed elementor-section-height-default elementor-section-height-default\" data-id=\"98f69e5\" data-element_type=\"section\">\n\t\t\t\t\t\t<div class=\"elementor-container elementor-column-gap-default\">\n\t\t\t\t\t<div class=\"elementor-column elementor-col-50 elementor-inner-column elementor-element elementor-element-544855d\" data-id=\"544855d\" data-element_type=\"column\">\n\t\t\t<div class=\"elementor-widget-wrap elementor-element-populated\">\n\t\t\t\t\t\t\t\t<div class=\"elementor-element elementor-element-468cc2b align-left elementor-widget elementor-widget-mae-headings\" data-id=\"468cc2b\" data-element_type=\"widget\" data-widget_type=\"mae-headings.default\">\n\t\t\t\t<div class=\"elementor-widget-container\">\n\t\t\t\t\t<div class=\"master-heading\">\n\t        \t            <div class=\"pre-heading\">BENEFICIOS DEL USO DE MULTIPLES M\u00d3DULOS<\/div>\n\t        \n\t        \t        <h2 class=\"main-heading\">Estos son algunos ejemplos de la potencia de la plataforma cuando se incorporan 2 o m\u00e1s m\u00f3dulos a una empresa.<\/h2>\n\t        \n\t        \n\t        \t            <div class=\"sub-heading\">Cuando el cliente trabaja con distintos m\u00f3dulos de la pltaforma Hermes, es posible mapear e intercambiar informaci\u00f3n entre los m\u00f3dulos, como ser la visualizaci\u00f3n de un resumen diario de las visitas de una cuadrilla, esto se obtiene desde el m\u00f3dulo de flotas por los recorridos que realiz\u00f3 la cuadrilla con el veh\u00edculo. Tambi\u00e9n podr\u00edamos ver que herramientas estuvieron en ese veh\u00edculo si contamos con el m\u00f3dulo de herramientas.\n\n<br\/>O bien intercambiar informaci\u00f3n entre el m\u00f3dulo ECO y el m\u00f3dulo de flota, realizando contralor entre las paradas y las levantadas de los contenedores por las mediciones de los sensores, como tambi\u00e9n onocer los recorridos de los camiones para recolectar los contenedores.\n<\/div>\n\t        \t    <\/div>\n\t    \t\t<\/div>\n\t\t\t\t<\/div>\n\t\t\t\t\t<\/div>\n\t\t<\/div>\n\t\t\t\t<div class=\"elementor-column elementor-col-50 elementor-inner-column elementor-element elementor-element-8281855\" data-id=\"8281855\" data-element_type=\"column\">\n\t\t\t<div class=\"elementor-widget-wrap elementor-element-populated\">\n\t\t\t\t\t\t\t\t<div class=\"elementor-element elementor-element-d837587 elementor-widget elementor-widget-mae-gallery-carousel\" data-id=\"d837587\" data-element_type=\"widget\" data-widget_type=\"mae-gallery-carousel.default\">\n\t\t\t\t<div class=\"elementor-widget-container\">\n\t\t\t\n        <div class=\"master-carousel-box mlr-1286241109 master-galleries\" data-config='{\"column\":\"1\",\"gap\":\"30px\",\"arrowPosition\":null,\"arrowMiddleOffset\":null,\"arrowTopOffset\":null,\"dotOffset\":\"60px\",\"fullRight\":false,\"autoPlay\":true,\"prevNextButtons\":false,\"pageDots\":true,\"groupCells\":false}'>\n                            <div class=\"master-gallery  item-carousel \">\n                    <div class=\"thumb\"><img decoding=\"async\" src=\"http:\/\/skipertech.com\/wp-content\/uploads\/2023\/03\/ECO-03.png\" alt=\"Image\" \/><\/div>                <\/div>\n                            <div class=\"master-gallery  item-carousel \">\n                    <div class=\"thumb\"><img decoding=\"async\" src=\"http:\/\/skipertech.com\/wp-content\/uploads\/2023\/03\/flota-1.png\" alt=\"Image\" \/><\/div>                <\/div>\n                            <div class=\"master-gallery  item-carousel \">\n                    <div class=\"thumb\"><img decoding=\"async\" src=\"http:\/\/skipertech.com\/wp-content\/uploads\/2023\/03\/ModulosCuadrillas-03.png\" alt=\"Image\" \/><\/div>                <\/div>\n                    <\/div>\n\n        \t\t<\/div>\n\t\t\t\t<\/div>\n\t\t\t\t\t<\/div>\n\t\t<\/div>\n\t\t\t\t\t\t\t<\/div>\n\t\t<\/section>\n\t\t\t\t<div class=\"elementor-element elementor-element-fe4e456 elementor-widget elementor-widget-spacer\" data-id=\"fe4e456\" data-element_type=\"widget\" data-widget_type=\"spacer.default\">\n\t\t\t\t<div class=\"elementor-widget-container\">\n\t\t\t\t\t<div class=\"elementor-spacer\">\n\t\t\t<div class=\"elementor-spacer-inner\"><\/div>\n\t\t<\/div>\n\t\t\t\t<\/div>\n\t\t\t\t<\/div>\n\t\t\t\t\t<\/div>\n\t\t<\/div>\n\t\t\t\t\t\t\t<\/div>\n\t\t<\/section>\n\t\t\t\t<section class=\"elementor-section elementor-top-section elementor-element elementor-element-8ba2113 elementor-section-stretched elementor-section-full_width elementor-section-height-default elementor-section-height-default\" data-id=\"8ba2113\" data-element_type=\"section\" data-settings=\"{&quot;stretch_section&quot;:&quot;section-stretched&quot;,&quot;background_background&quot;:&quot;classic&quot;}\">\n\t\t\t\t\t\t<div class=\"elementor-container elementor-column-gap-default\">\n\t\t\t\t\t<div class=\"elementor-column elementor-col-100 elementor-top-column elementor-element elementor-element-b57456b\" data-id=\"b57456b\" data-element_type=\"column\">\n\t\t\t<div class=\"elementor-widget-wrap elementor-element-populated\">\n\t\t\t\t\t\t\t\t<div class=\"elementor-element elementor-element-4bf528f elementor-widget elementor-widget-spacer\" data-id=\"4bf528f\" data-element_type=\"widget\" data-widget_type=\"spacer.default\">\n\t\t\t\t<div class=\"elementor-widget-container\">\n\t\t\t\t\t<div class=\"elementor-spacer\">\n\t\t\t<div class=\"elementor-spacer-inner\"><\/div>\n\t\t<\/div>\n\t\t\t\t<\/div>\n\t\t\t\t<\/div>\n\t\t\t\t<div class=\"elementor-element elementor-element-8c1e09c align-center elementor-widget elementor-widget-mae-headings\" data-id=\"8c1e09c\" data-element_type=\"widget\" data-widget_type=\"mae-headings.default\">\n\t\t\t\t<div class=\"elementor-widget-container\">\n\t\t\t\t\t<div class=\"master-heading\">\n\t        \t            <div class=\"pre-heading\">PLATAFORMA DE SEGUIMIENTO SATELITAL<\/div>\n\t        \n\t        \t        <h2 class=\"main-heading\">Beneficios gen\u00e9ricos de la plataforma Hermes\n<\/h2>\n\t        \n\t        \n\t        \t            <div class=\"sub-heading\">La plataforma permite que toda la informaci\u00f3n que el usuario puede visualizar en la WEB sea enviada por email, diaria, semanal y\/o mensualmente. Esto permite que el usuario simplemente chequeando el correo pueda saber lo que le interese saber que est\u00e1 pasando con su flota.<\/div>\n\t        \t    <\/div>\n\t    \t\t<\/div>\n\t\t\t\t<\/div>\n\t\t\t\t<div class=\"elementor-element elementor-element-f9595c7 elementor-widget elementor-widget-spacer\" data-id=\"f9595c7\" data-element_type=\"widget\" data-widget_type=\"spacer.default\">\n\t\t\t\t<div class=\"elementor-widget-container\">\n\t\t\t\t\t<div class=\"elementor-spacer\">\n\t\t\t<div class=\"elementor-spacer-inner\"><\/div>\n\t\t<\/div>\n\t\t\t\t<\/div>\n\t\t\t\t<\/div>\n\t\t\t\t<section class=\"elementor-section elementor-inner-section elementor-element elementor-element-4c896e7 elementor-section-boxed elementor-section-height-default elementor-section-height-default\" data-id=\"4c896e7\" data-element_type=\"section\">\n\t\t\t\t\t\t<div class=\"elementor-container elementor-column-gap-extended\">\n\t\t\t\t\t<div class=\"elementor-column elementor-col-33 elementor-inner-column elementor-element elementor-element-75dfa78\" data-id=\"75dfa78\" data-element_type=\"column\">\n\t\t\t<div class=\"elementor-widget-wrap elementor-element-populated\">\n\t\t\t\t\t\t\t\t<div class=\"elementor-element elementor-element-fe5aee8 align-left icon-position-top icon-has-bg hover-effect-none elementor-widget elementor-widget-mae-icon-box\" data-id=\"fe5aee8\" data-element_type=\"widget\" data-widget_type=\"mae-icon-box.default\">\n\t\t\t\t<div class=\"elementor-widget-container\">\n\t\t\t\n        <div class=\"master-icon-box\" >\n            \n            <div class=\"icon-wrap\"><div class=\"master-icon\"><i class=\"fe fe-plus\"><\/i><\/div><\/div>\n            <div class=\"text-wrap\">\n                <h3 class=\"headline-2\">Plataforma \u00fanica con m\u00f3dulos independientes o integrados:<\/h3><div class=\"sep\"><\/div><div class=\"desc\">- Gesti\u00f3n, control y geolocalizaci\u00f3n de recursos fuera de la empresa en vertical de construcci\u00f3n.<br\/>\n\n- Usuarios por Valores y Roles.<br\/>\n\n- Paneles de rendimiento de KPI\n<\/div>            <\/div>\n        <\/div>\n\n        \t\t<\/div>\n\t\t\t\t<\/div>\n\t\t\t\t\t<\/div>\n\t\t<\/div>\n\t\t\t\t<div class=\"elementor-column elementor-col-33 elementor-inner-column elementor-element elementor-element-017471a\" data-id=\"017471a\" data-element_type=\"column\">\n\t\t\t<div class=\"elementor-widget-wrap elementor-element-populated\">\n\t\t\t\t\t\t\t\t<div class=\"elementor-element elementor-element-1201e8a align-left icon-position-top icon-has-bg hover-effect-none elementor-widget elementor-widget-mae-icon-box\" data-id=\"1201e8a\" data-element_type=\"widget\" data-widget_type=\"mae-icon-box.default\">\n\t\t\t\t<div class=\"elementor-widget-container\">\n\t\t\t\n        <div class=\"master-icon-box\" >\n            \n            <div class=\"icon-wrap\"><div class=\"master-icon\"><i class=\"fe fe-plus\"><\/i><\/div><\/div>\n            <div class=\"text-wrap\">\n                <h3 class=\"headline-2\">Ahorro de costes de hasta un 30% en:<\/h3><div class=\"sep\"><\/div><div class=\"desc\">- Activos: mantenimiento y recompra de herramientas<br\/>\n- Mantenimiento de la flota <br\/>\n- ECO: Recogida de residuos (p\u00fablico\/privado)<br\/>\n- Servicios: Seguimiento y asignaci\u00f3n de trabajos a cuadrillas\n<\/div>            <\/div>\n        <\/div>\n\n        \t\t<\/div>\n\t\t\t\t<\/div>\n\t\t\t\t\t<\/div>\n\t\t<\/div>\n\t\t\t\t<div class=\"elementor-column elementor-col-33 elementor-inner-column elementor-element elementor-element-5e4f037\" data-id=\"5e4f037\" data-element_type=\"column\">\n\t\t\t<div class=\"elementor-widget-wrap elementor-element-populated\">\n\t\t\t\t\t\t\t\t<div class=\"elementor-element elementor-element-6084ca2 align-left icon-position-top icon-has-bg hover-effect-none elementor-widget elementor-widget-mae-icon-box\" data-id=\"6084ca2\" data-element_type=\"widget\" data-widget_type=\"mae-icon-box.default\">\n\t\t\t\t<div class=\"elementor-widget-container\">\n\t\t\t\n        <div class=\"master-icon-box\" >\n            \n            <div class=\"icon-wrap\"><div class=\"master-icon\"><i class=\"fe fe-plus\"><\/i><\/div><\/div>\n            <div class=\"text-wrap\">\n                <h3 class=\"headline-2\">Aumento de la productividad\/vida \u00fatil:<\/h3><div class=\"sep\"><\/div><div class=\"desc\">- Flota<br\/>\n- Herramientas<br\/>\n- Contenedores<br\/>\n- Cuadrillas monitoreadas en RT\n<br\/>\n<\/div>            <\/div>\n        <\/div>\n\n        \t\t<\/div>\n\t\t\t\t<\/div>\n\t\t\t\t\t<\/div>\n\t\t<\/div>\n\t\t\t\t\t\t\t<\/div>\n\t\t<\/section>\n\t\t\t\t<div class=\"elementor-element elementor-element-fcedb45 elementor-widget elementor-widget-spacer\" data-id=\"fcedb45\" data-element_type=\"widget\" data-widget_type=\"spacer.default\">\n\t\t\t\t<div class=\"elementor-widget-container\">\n\t\t\t\t\t<div class=\"elementor-spacer\">\n\t\t\t<div class=\"elementor-spacer-inner\"><\/div>\n\t\t<\/div>\n\t\t\t\t<\/div>\n\t\t\t\t<\/div>\n\t\t\t\t\t<\/div>\n\t\t<\/div>\n\t\t\t\t\t\t\t<\/div>\n\t\t<\/section>\n\t\t\t\t\t\t\t<\/div>\n\t\t","protected":false},"excerpt":{"rendered":"<p>\u00bfQU\u00c9 ES HERMES? Hermes es una plataforma de tecnolog\u00eda 4.0 basada en IOT, con m\u00f3dulos Web y Mobile, capaz de gestionar, monitorear, controlar y georreferenciar cualquier activo o negocio de forma remota. Permitiendo crear ecosistemas en los que los dispositivos IOT, las soluciones Mobile, los usuarios puedan<\/p>\n","protected":false},"author":1,"featured_media":0,"parent":0,"menu_order":0,"comment_status":"closed","ping_status":"closed","template":"","meta":{"_mi_skip_tracking":false,"footnotes":""},"class_list":["post-1255","page","type-page","status-publish","hentry"],"aioseo_notices":[],"_links":{"self":[{"href":"https:\/\/www.skipertech.com\/index.php\/wp-json\/wp\/v2\/pages\/1255","targetHints":{"allow":["GET"]}}],"collection":[{"href":"https:\/\/www.skipertech.com\/index.php\/wp-json\/wp\/v2\/pages"}],"about":[{"href":"https:\/\/www.skipertech.com\/index.php\/wp-json\/wp\/v2\/types\/page"}],"author":[{"embeddable":true,"href":"https:\/\/www.skipertech.com\/index.php\/wp-json\/wp\/v2\/users\/1"}],"replies":[{"embeddable":true,"href":"https:\/\/www.skipertech.com\/index.php\/wp-json\/wp\/v2\/comments?post=1255"}],"version-history":[{"count":25,"href":"https:\/\/www.skipertech.com\/index.php\/wp-json\/wp\/v2\/pages\/1255\/revisions"}],"predecessor-version":[{"id":2728,"href":"https:\/\/www.skipertech.com\/index.php\/wp-json\/wp\/v2\/pages\/1255\/revisions\/2728"}],"wp:attachment":[{"href":"https:\/\/www.skipertech.com\/index.php\/wp-json\/wp\/v2\/media?parent=1255"}],"curies":[{"name":"wp","href":"https:\/\/api.w.org\/{rel}","templated":true}]}}