{"id":2358,"date":"2023-03-24T14:16:59","date_gmt":"2023-03-24T14:16:59","guid":{"rendered":"https:\/\/skipertech.com\/?page_id=2358"},"modified":"2023-03-24T15:38:21","modified_gmt":"2023-03-24T15:38:21","slug":"proyectos","status":"publish","type":"page","link":"https:\/\/www.skipertech.com\/index.php\/proyectos\/","title":{"rendered":"Proyectos"},"content":{"rendered":"\t\t<div data-elementor-type=\"wp-page\" data-elementor-id=\"2358\" class=\"elementor elementor-2358\">\n\t\t\t\t\t\t\t\t\t<section class=\"elementor-section elementor-top-section elementor-element elementor-element-3ce5cd5 elementor-section-boxed elementor-section-height-default elementor-section-height-default\" data-id=\"3ce5cd5\" data-element_type=\"section\">\n\t\t\t\t\t\t<div class=\"elementor-container elementor-column-gap-default\">\n\t\t\t\t\t<div class=\"elementor-column elementor-col-100 elementor-top-column elementor-element elementor-element-641584e\" data-id=\"641584e\" data-element_type=\"column\">\n\t\t\t<div class=\"elementor-widget-wrap elementor-element-populated\">\n\t\t\t\t\t\t\t\t<div class=\"elementor-element elementor-element-65dc3d8 elementor-widget elementor-widget-spacer\" data-id=\"65dc3d8\" data-element_type=\"widget\" data-widget_type=\"spacer.default\">\n\t\t\t\t<div class=\"elementor-widget-container\">\n\t\t\t<style>\/*! elementor - v3.17.0 - 08-11-2023 *\/\n.elementor-column .elementor-spacer-inner{height:var(--spacer-size)}.e-con{--container-widget-width:100%}.e-con-inner>.elementor-widget-spacer,.e-con>.elementor-widget-spacer{width:var(--container-widget-width,var(--spacer-size));--align-self:var(--container-widget-align-self,initial);--flex-shrink:0}.e-con-inner>.elementor-widget-spacer>.elementor-widget-container,.e-con>.elementor-widget-spacer>.elementor-widget-container{height:100%;width:100%}.e-con-inner>.elementor-widget-spacer>.elementor-widget-container>.elementor-spacer,.e-con>.elementor-widget-spacer>.elementor-widget-container>.elementor-spacer{height:100%}.e-con-inner>.elementor-widget-spacer>.elementor-widget-container>.elementor-spacer>.elementor-spacer-inner,.e-con>.elementor-widget-spacer>.elementor-widget-container>.elementor-spacer>.elementor-spacer-inner{height:var(--container-widget-height,var(--spacer-size))}.e-con-inner>.elementor-widget-spacer.elementor-widget-empty,.e-con>.elementor-widget-spacer.elementor-widget-empty{position:relative;min-height:22px;min-width:22px}.e-con-inner>.elementor-widget-spacer.elementor-widget-empty .elementor-widget-empty-icon,.e-con>.elementor-widget-spacer.elementor-widget-empty .elementor-widget-empty-icon{position:absolute;top:0;bottom:0;left:0;right:0;margin:auto;padding:0;width:22px;height:22px}<\/style>\t\t<div class=\"elementor-spacer\">\n\t\t\t<div class=\"elementor-spacer-inner\"><\/div>\n\t\t<\/div>\n\t\t\t\t<\/div>\n\t\t\t\t<\/div>\n\t\t\t\t<div class=\"elementor-element elementor-element-13a6ab5 align-center elementor-widget elementor-widget-mae-headings\" data-id=\"13a6ab5\" data-element_type=\"widget\" data-widget_type=\"mae-headings.default\">\n\t\t\t\t<div class=\"elementor-widget-container\">\n\t\t\t\t\t<div class=\"master-heading\">\n\t        \n\t        \t        <h2 class=\"main-heading\">PROYECTOS<\/h2>\n\t        \n\t        \t        <div class=\"divider\"><\/div>\n\t        \n\t        \t            <div class=\"sub-heading\">Algunos de nuestros proyectos desarrollados a medida<\/div>\n\t        \t    <\/div>\n\t    \t\t<\/div>\n\t\t\t\t<\/div>\n\t\t\t\t<div class=\"elementor-element elementor-element-44bc1f7 elementor-widget elementor-widget-spacer\" data-id=\"44bc1f7\" data-element_type=\"widget\" data-widget_type=\"spacer.default\">\n\t\t\t\t<div class=\"elementor-widget-container\">\n\t\t\t\t\t<div class=\"elementor-spacer\">\n\t\t\t<div class=\"elementor-spacer-inner\"><\/div>\n\t\t<\/div>\n\t\t\t\t<\/div>\n\t\t\t\t<\/div>\n\t\t\t\t<section class=\"elementor-section elementor-inner-section elementor-element elementor-element-26a7f28 elementor-section-boxed elementor-section-height-default elementor-section-height-default\" data-id=\"26a7f28\" data-element_type=\"section\">\n\t\t\t\t\t\t<div class=\"elementor-container elementor-column-gap-default\">\n\t\t\t\t\t<div class=\"elementor-column elementor-col-50 elementor-inner-column elementor-element elementor-element-0ac4fc5\" data-id=\"0ac4fc5\" data-element_type=\"column\">\n\t\t\t<div class=\"elementor-widget-wrap elementor-element-populated\">\n\t\t\t\t\t\t\t\t<div class=\"elementor-element elementor-element-fcfdfbc align-left elementor-widget elementor-widget-mae-headings\" data-id=\"fcfdfbc\" data-element_type=\"widget\" data-widget_type=\"mae-headings.default\">\n\t\t\t\t<div class=\"elementor-widget-container\">\n\t\t\t\t\t<div class=\"master-heading\">\n\t        \t            <div class=\"pre-heading\">SKIPERTECH<\/div>\n\t        \n\t        \t        <h2 class=\"main-heading\">Experiencia tecnol\u00f3gica<\/h2>\n\t        \n\t        \n\t        \t            <div class=\"sub-heading\">Hemos creado soluciones con diferentes tecnolog\u00edas, como ser Genexus en todas sus versiones, .Net, Java, Javascript, Angular, Android, RPG\/CL, Mysql\/MariaDB, Oracle, SqlServer, DB2, Apache, Tomcat, Iseries, etc.<\/div>\n\t        \t    <\/div>\n\t    \t\t<\/div>\n\t\t\t\t<\/div>\n\t\t\t\t\t<\/div>\n\t\t<\/div>\n\t\t\t\t<div class=\"elementor-column elementor-col-50 elementor-inner-column elementor-element elementor-element-4078d5e\" data-id=\"4078d5e\" data-element_type=\"column\">\n\t\t\t<div class=\"elementor-widget-wrap elementor-element-populated\">\n\t\t\t\t\t\t\t\t<div class=\"elementor-element elementor-element-676502e elementor-widget elementor-widget-image\" data-id=\"676502e\" data-element_type=\"widget\" data-widget_type=\"image.default\">\n\t\t\t\t<div class=\"elementor-widget-container\">\n\t\t\t<style>\/*! elementor - v3.17.0 - 08-11-2023 *\/\n.elementor-widget-image{text-align:center}.elementor-widget-image a{display:inline-block}.elementor-widget-image a img[src$=\".svg\"]{width:48px}.elementor-widget-image img{vertical-align:middle;display:inline-block}<\/style>\t\t\t\t\t\t\t\t\t\t\t\t<img loading=\"lazy\" decoding=\"async\" width=\"1024\" height=\"680\" src=\"https:\/\/www.skipertech.com\/wp-content\/uploads\/2023\/03\/proyectos-1024x680.jpg\" class=\"attachment-large size-large wp-image-2364\" alt=\"\" srcset=\"https:\/\/www.skipertech.com\/wp-content\/uploads\/2023\/03\/proyectos-1024x680.jpg 1024w, https:\/\/www.skipertech.com\/wp-content\/uploads\/2023\/03\/proyectos-300x199.jpg 300w, https:\/\/www.skipertech.com\/wp-content\/uploads\/2023\/03\/proyectos-768x510.jpg 768w, https:\/\/www.skipertech.com\/wp-content\/uploads\/2023\/03\/proyectos-535x355.jpg 535w, https:\/\/www.skipertech.com\/wp-content\/uploads\/2023\/03\/proyectos.jpg 1166w\" sizes=\"auto, (max-width: 1024px) 100vw, 1024px\" \/>\t\t\t\t\t\t\t\t\t\t\t\t\t\t\t<\/div>\n\t\t\t\t<\/div>\n\t\t\t\t\t<\/div>\n\t\t<\/div>\n\t\t\t\t\t\t\t<\/div>\n\t\t<\/section>\n\t\t\t\t<div class=\"elementor-element elementor-element-08c5f61 elementor-widget elementor-widget-spacer\" data-id=\"08c5f61\" data-element_type=\"widget\" data-widget_type=\"spacer.default\">\n\t\t\t\t<div class=\"elementor-widget-container\">\n\t\t\t\t\t<div class=\"elementor-spacer\">\n\t\t\t<div class=\"elementor-spacer-inner\"><\/div>\n\t\t<\/div>\n\t\t\t\t<\/div>\n\t\t\t\t<\/div>\n\t\t\t\t\t<\/div>\n\t\t<\/div>\n\t\t\t\t\t\t\t<\/div>\n\t\t<\/section>\n\t\t\t\t<section class=\"elementor-section elementor-top-section elementor-element elementor-element-2a29507 elementor-section-boxed elementor-section-height-default elementor-section-height-default\" data-id=\"2a29507\" data-element_type=\"section\">\n\t\t\t\t\t\t<div class=\"elementor-container elementor-column-gap-default\">\n\t\t\t\t\t<div class=\"elementor-column elementor-col-100 elementor-top-column elementor-element elementor-element-4fd5d67\" data-id=\"4fd5d67\" data-element_type=\"column\">\n\t\t\t<div class=\"elementor-widget-wrap elementor-element-populated\">\n\t\t\t\t\t\t\t\t<div class=\"elementor-element elementor-element-b4a3f14 hover-effect-none elementor-widget elementor-widget-mae-team-carousel\" data-id=\"b4a3f14\" data-element_type=\"widget\" data-widget_type=\"mae-team-carousel.default\">\n\t\t\t\t<div class=\"elementor-widget-container\">\n\t\t\t\n        <div class=\"master-carousel-box mlr-1484031987\" data-config='{\"column\":\"3\",\"gap\":\"30px\",\"arrowPosition\":\"middle\",\"arrowMiddleOffset\":\"60px\",\"arrowTopOffset\":null,\"dotOffset\":null,\"fullRight\":false,\"autoPlay\":true,\"prevNextButtons\":true,\"pageDots\":false}'>\n                            <div class=\"master-team  item-carousel sep-before\">\n                    <div class=\"avatar\"><a href=\"\"><img decoding=\"async\" alt=\"Avatar\" src=\"http:\/\/skipertech.com\/wp-content\/uploads\/2023\/03\/Logo-Salvador-Livio-S-gris.jpg\" \/><\/a><\/div>                    <div class=\"content-wrap\">\n                        <div class=\"team-info\">\n                            <h3 class=\"team-name\"><a href=\"\">Salvador Livio S.A. <\/a><\/h3><span class=\"team-role\">Sistema comercial<\/span>                        <\/div>\n\n                        <div class=\"sep\"><\/div><div class=\"desc\"><p>Salvador Livio es una empresa de rubro importadores de autopartes, l\u00edder en Uruguay con m\u00e1s de 93 a\u00f1os y m\u00e1s de 100 empleados, <strong>Skipertech<\/strong> desarrolla y mantiene su sistema comercial basado en IBM Iseries y Genexus. Este sistema cuenta con m\u00faltiples m\u00f3dulos intercomunicados, Facturaci\u00f3n, Deudores, Proveedores, Contabilidad y Datawarehouse que le permiten a Salvador Livio manejar de forma eficiente su gesti\u00f3n operativa.<\/p><\/div>                    <\/div>\n                <\/div>\n                            <div class=\"master-team  item-carousel sep-before\">\n                    <div class=\"avatar\"><a href=\"\"><img decoding=\"async\" alt=\"Avatar\" src=\"http:\/\/skipertech.com\/wp-content\/uploads\/2023\/03\/ing-tugentman-gris.jpg\" \/><\/a><\/div>                    <div class=\"content-wrap\">\n                        <div class=\"team-info\">\n                            <h3 class=\"team-name\"><a href=\"\">Tugentman<\/a><\/h3><span class=\"team-role\">Acondicionamiento t\u00e9rmico, despacho de trabajos a cuadrillas<\/span>                        <\/div>\n\n                        <div class=\"sep\"><\/div><div class=\"desc\"><p>Es una empresa l\u00edder en Uruguay en acondicionamiento t\u00e9rmico. En <strong>Skipertech<\/strong> trabajamos con Tugentman ofreciendo una soluci\u00f3n que le permite optimizar, gestionar y controlar el despacho de trabajos a sus cuadrillas en tiempo real. Esto es mediante una soluci\u00f3n WEB\/Mobile.<\/p><\/div>                    <\/div>\n                <\/div>\n                            <div class=\"master-team  item-carousel sep-before\">\n                    <div class=\"avatar\"><a href=\"\"><img decoding=\"async\" alt=\"Avatar\" src=\"http:\/\/skipertech.com\/wp-content\/uploads\/2023\/03\/chery.jpeg\" \/><\/a><\/div>                    <div class=\"content-wrap\">\n                        <div class=\"team-info\">\n                            <h3 class=\"team-name\"><a href=\"\">Chery Socma<\/a><\/h3><span class=\"team-role\">Planta de ensamblado de veh\u00edculos, software para ensamblado<\/span>                        <\/div>\n\n                        <div class=\"sep\"><\/div><div class=\"desc\"><p>Chery Socma contaba con una planta de ensamblado de autopartes para el armado de sus veh\u00edculos en Uruguay. <b>Skipertech<\/b> desarroll\u00f3 un proyecto para definir cu\u00e1les deber\u00edan ser las autopartes para el armado de veh\u00edculos como Chery QQ, Chery Tiggo y otros. Esto, interviniendo mediante soluciones de software en la l\u00ednea de ensamblaje de autopartes.<\/p><\/div>                    <\/div>\n                <\/div>\n                            <div class=\"master-team  item-carousel sep-before\">\n                    <div class=\"avatar\"><a href=\"\"><img decoding=\"async\" alt=\"Avatar\" src=\"http:\/\/skipertech.com\/wp-content\/uploads\/2023\/03\/solida.jpg\" \/><\/a><\/div>                    <div class=\"content-wrap\">\n                        <div class=\"team-info\">\n                            <h3 class=\"team-name\"><a href=\"\">Solida<\/a><\/h3><span class=\"team-role\">Empresa de software para el rubro ventas y distribuci\u00f3n de productos de consumo masivo<\/span>                        <\/div>\n\n                        <div class=\"sep\"><\/div><div class=\"desc\"><p>En Solida, transformamos su software del modelo tradicional \u201cOn Premise\u201d a un modelo Software as a Service, con soluciones en la nube y Mobile, un proyecto de m\u00e1s de 3 a\u00f1os que hoy est\u00e1 siendo comercializado en Uruguay y la regi\u00f3n.<\/p><\/div>                    <\/div>\n                <\/div>\n                            <div class=\"master-team  item-carousel sep-before\">\n                    <div class=\"avatar\"><a href=\"\"><img decoding=\"async\" alt=\"Avatar\" src=\"http:\/\/skipertech.com\/wp-content\/uploads\/2023\/03\/NEFROLOGIC.jpg\" \/><\/a><\/div>                    <div class=\"content-wrap\">\n                        <div class=\"team-info\">\n                            <h3 class=\"team-name\"><a href=\"\">Nefrologic<\/a><\/h3><span class=\"team-role\">Plataforma de gestio\u0301n y control cli\u0301nica de pacientes en centros de dia\u0301lisis<\/span>                        <\/div>\n\n                        <div class=\"sep\"><\/div><div class=\"desc\"><p>Nefrologic es una plataforma Software as a Service, para la gesti\u00f3n de la cl\u00ednica de pacientes en di\u00e1lisis. Este software es utilizado por cl\u00ednicas de di\u00e1lisis para gestionar la informaci\u00f3n de sus pacientes, hoy cuenta con 3 cl\u00ednicas distribuidas en Uruguay.<\/p><\/div>                    <\/div>\n                <\/div>\n                    <\/div>\n\n        \t\t<\/div>\n\t\t\t\t<\/div>\n\t\t\t\t\t<\/div>\n\t\t<\/div>\n\t\t\t\t\t\t\t<\/div>\n\t\t<\/section>\n\t\t\t\t<section class=\"elementor-section elementor-top-section elementor-element elementor-element-7d641de1 elementor-section-stretched elementor-section-full_width elementor-section-height-default elementor-section-height-default\" data-id=\"7d641de1\" data-element_type=\"section\" data-settings=\"{&quot;stretch_section&quot;:&quot;section-stretched&quot;,&quot;background_background&quot;:&quot;classic&quot;}\">\n\t\t\t\t\t\t<div class=\"elementor-container elementor-column-gap-default\">\n\t\t\t\t\t<div class=\"elementor-column elementor-col-100 elementor-top-column elementor-element elementor-element-6e60455\" data-id=\"6e60455\" data-element_type=\"column\">\n\t\t\t<div class=\"elementor-widget-wrap elementor-element-populated\">\n\t\t\t\t\t\t\t\t<div class=\"elementor-element elementor-element-2c360682 elementor-widget elementor-widget-spacer\" data-id=\"2c360682\" data-element_type=\"widget\" data-widget_type=\"spacer.default\">\n\t\t\t\t<div class=\"elementor-widget-container\">\n\t\t\t\t\t<div class=\"elementor-spacer\">\n\t\t\t<div class=\"elementor-spacer-inner\"><\/div>\n\t\t<\/div>\n\t\t\t\t<\/div>\n\t\t\t\t<\/div>\n\t\t\t\t<div class=\"elementor-element elementor-element-27c8b50e align-center elementor-widget elementor-widget-mae-headings\" data-id=\"27c8b50e\" data-element_type=\"widget\" data-widget_type=\"mae-headings.default\">\n\t\t\t\t<div class=\"elementor-widget-container\">\n\t\t\t\t\t<div class=\"master-heading\">\n\t        \t            <div class=\"pre-heading\">PROYECTOS A MEDIDA<\/div>\n\t        \n\t        \t        <h2 class=\"main-heading\">Contactanos para soluciones a medida<\/h2>\n\t        \n\t        \n\t        \t    <\/div>\n\t    \t\t<\/div>\n\t\t\t\t<\/div>\n\t\t\t\t<div class=\"elementor-element elementor-element-42e43406 elementor-widget elementor-widget-spacer\" data-id=\"42e43406\" data-element_type=\"widget\" data-widget_type=\"spacer.default\">\n\t\t\t\t<div class=\"elementor-widget-container\">\n\t\t\t\t\t<div class=\"elementor-spacer\">\n\t\t\t<div class=\"elementor-spacer-inner\"><\/div>\n\t\t<\/div>\n\t\t\t\t<\/div>\n\t\t\t\t<\/div>\n\t\t\t\t<div class=\"elementor-element elementor-element-023d2bb elementor-align-center elementor-widget elementor-widget-button\" data-id=\"023d2bb\" data-element_type=\"widget\" data-widget_type=\"button.default\">\n\t\t\t\t<div class=\"elementor-widget-container\">\n\t\t\t\t\t<div class=\"elementor-button-wrapper\">\n\t\t\t<a class=\"elementor-button elementor-button-link elementor-size-xl\" href=\"https:\/\/wa.me\/59899590996\">\n\t\t\t\t\t\t<span class=\"elementor-button-content-wrapper\">\n\t\t\t\t\t\t<span class=\"elementor-button-icon elementor-align-icon-left\">\n\t\t\t\t<i aria-hidden=\"true\" class=\"fab fa-whatsapp\"><\/i>\t\t\t<\/span>\n\t\t\t\t\t\t<span class=\"elementor-button-text\">Contactar<\/span>\n\t\t<\/span>\n\t\t\t\t\t<\/a>\n\t\t<\/div>\n\t\t\t\t<\/div>\n\t\t\t\t<\/div>\n\t\t\t\t<div class=\"elementor-element elementor-element-15610b56 elementor-widget elementor-widget-spacer\" data-id=\"15610b56\" data-element_type=\"widget\" data-widget_type=\"spacer.default\">\n\t\t\t\t<div class=\"elementor-widget-container\">\n\t\t\t\t\t<div class=\"elementor-spacer\">\n\t\t\t<div class=\"elementor-spacer-inner\"><\/div>\n\t\t<\/div>\n\t\t\t\t<\/div>\n\t\t\t\t<\/div>\n\t\t\t\t\t<\/div>\n\t\t<\/div>\n\t\t\t\t\t\t\t<\/div>\n\t\t<\/section>\n\t\t\t\t\t\t\t<\/div>\n\t\t","protected":false},"excerpt":{"rendered":"<p>PROYECTOS Algunos de nuestros proyectos desarrollados a medida SKIPERTECH Experiencia tecnol\u00f3gica Hemos creado soluciones con diferentes tecnolog\u00edas, como ser Genexus en todas sus versiones, .Net, Java, Javascript, Angular, Android, RPG\/CL, Mysql\/MariaDB, Oracle, SqlServer, DB2, Apache, Tomcat, Iseries, etc. Salvador Livio S.A. Sistema comercial Salvador Livio es una<\/p>\n","protected":false},"author":1,"featured_media":0,"parent":0,"menu_order":0,"comment_status":"closed","ping_status":"closed","template":"","meta":{"_mi_skip_tracking":false,"footnotes":""},"class_list":["post-2358","page","type-page","status-publish","hentry"],"aioseo_notices":[],"_links":{"self":[{"href":"https:\/\/www.skipertech.com\/index.php\/wp-json\/wp\/v2\/pages\/2358","targetHints":{"allow":["GET"]}}],"collection":[{"href":"https:\/\/www.skipertech.com\/index.php\/wp-json\/wp\/v2\/pages"}],"about":[{"href":"https:\/\/www.skipertech.com\/index.php\/wp-json\/wp\/v2\/types\/page"}],"author":[{"embeddable":true,"href":"https:\/\/www.skipertech.com\/index.php\/wp-json\/wp\/v2\/users\/1"}],"replies":[{"embeddable":true,"href":"https:\/\/www.skipertech.com\/index.php\/wp-json\/wp\/v2\/comments?post=2358"}],"version-history":[{"count":16,"href":"https:\/\/www.skipertech.com\/index.php\/wp-json\/wp\/v2\/pages\/2358\/revisions"}],"predecessor-version":[{"id":2381,"href":"https:\/\/www.skipertech.com\/index.php\/wp-json\/wp\/v2\/pages\/2358\/revisions\/2381"}],"wp:attachment":[{"href":"https:\/\/www.skipertech.com\/index.php\/wp-json\/wp\/v2\/media?parent=2358"}],"curies":[{"name":"wp","href":"https:\/\/api.w.org\/{rel}","templated":true}]}}